{"id":538,"date":"2023-06-12T10:01:49","date_gmt":"2023-06-12T07:01:49","guid":{"rendered":"https:\/\/rethymnotraintour.gr\/pagina-principale\/"},"modified":"2023-06-12T10:01:49","modified_gmt":"2023-06-12T07:01:49","slug":"pagina-principale","status":"publish","type":"page","link":"https:\/\/rethymnotraintour.gr\/it\/","title":{"rendered":"PAGINA PRINCIPALE"},"content":{"rendered":"<div class=\"container-fluid image-background\" style=\"background-image: url(\/wp-content\/uploads\/2023\/06\/bg-abstract-2.jpg);\">\r\n\t\t\t\t<div class=\"container\">\r\n\t\t            <div class=\"row justify-content-center align-items-center my-5\">\r\n\t\t                <div class=\"col-11 col-lg-4\">\r\n\t\t                    <div class=\"background-red rounded shadow-lg p-3 p-lg-5 load-hidden zoom-reveal overlap-right\">\r\n\t\t                        <h1 class=\"text-white\"><strong>RETHYMNO <span class=\"special-underline\">TRAIN TOUR<\/span><\/strong><\/h1>\r\n\t\t\t                    <h2 class=\"h4 lead text-white\">SCOPRI IL CENTRO STORICO DELLA CITT\u00c0<\/h2>\r\n\t\t\t                    <div class=\"text-white\"><p>Unitevi a noi per esplorare il centro storico di Rethymno a bordo del nostro trenino turistico. Durante il percorso ammirerete il famoso Faro del Porto Veneziano, la storica Loggia, il pittoresco Porto Veneziano, l\u2019imponente Fortezza, l\u2019ingresso principale della Citt\u00e0 Vecchia, oltre a molti altri monumenti che definiscono l\u2019identit\u00e0 unica della citt\u00e0.<br \/>\nAllo stesso tempo, l\u2019audioguida vi fornir\u00e0 informazioni affascinanti e utili che danno vita alla storia e alle tradizioni di Rethymno. Un\u2019esperienza adatta a tutte le et\u00e0, che offre un modo piacevole e rilassante per scoprire e vivere la citt\u00e0.<\/p>\n<\/div>\r\n\t\t                    <\/div>\r\n\t\t                <\/div>\r\n\t\t                <div class=\"col-12 col-lg-8\">\r\n\t\t                    <img loading=\"lazy\" decoding=\"async\" width=\"1093\" height=\"1200\" src=\"https:\/\/rethymnotraintour.gr\/wp-content\/uploads\/2023\/06\/intro.jpg\" class=\"aligncenter img-fluid wp-image-15 rounded load-hidden zoom-reveal\" alt=\"Rethymno Train Tour\" srcset=\"https:\/\/rethymnotraintour.gr\/wp-content\/uploads\/2023\/06\/intro.jpg 1093w, https:\/\/rethymnotraintour.gr\/wp-content\/uploads\/2023\/06\/intro-273x300.jpg 273w, https:\/\/rethymnotraintour.gr\/wp-content\/uploads\/2023\/06\/intro-933x1024.jpg 933w, https:\/\/rethymnotraintour.gr\/wp-content\/uploads\/2023\/06\/intro-768x843.jpg 768w\" sizes=\"auto, (max-width: 1093px) 100vw, 1093px\" \/>\r\n\t\t                <\/div>\r\n\t\t            <\/div>\r\n\t\t        <\/div>   \r\n\t        <\/div>\r\n\t        \r\n\t        <section id=\"info-section\">\r\n\t\t        <div class=\"container my-5 py-5\">\r\n\t                <div class=\"row border rounded shadow px-4 bg-light justify-content-center align-items-center py-4\">\r\n\t                    \r\n\t                    <div class=\"col-12 col-lg-6 text-start mb-4 mb-lg-0\">\r\n\t\t                    <h2 class=\"red-color\"><strong><span class=\"font-40 special-underline\">PERCORSO<\/span> IN CITT\u00c0<\/strong><\/h2>\r\n\t                        <div class=\"lead mb-2\"><i class=\"fas fa-map-marker-alt red-color me-2\"><\/i> Informazioni storiche di Rethymno<\/div>\r\n\t                        <div class=\"lead mb-2\"><i class=\"fas fa-volume-up red-color\"><\/i> Audioguida in 6 lingue <span class=\"d-inline-block\"><small>(inglese, tedesco, francese, italiano, russo, greco)<\/small><\/span><\/div>\r\n\t                        <div class=\"lead mb-2\"><i class=\"far fa-clock red-color\"><\/i> Durata: 30\u201335 min.<\/div>\r\n\t                        <div class=\"mt-4\"><a href=\"https:\/\/rethymnotraintour.gr\/rethymno-sights\/\" title=\"Rethymno's Sightseeings\" role=\"button\" class=\"btn btn-primary btn-lg\">Attrazioni di Rethymno<\/a><\/div>\r\n\t\t\t\t\t\t<\/div>\r\n\t\t                <div class=\"col-12 col-lg-6 text-center mb-4 mb-lg-0\">\r\n\t\t                    <iframe loading=\"lazy\" src=\"https:\/\/www.google.com\/maps\/d\/u\/2\/embed?mid=1EsgpeGsxCV7edlYtQlNxXf7vao6ZU38&ehbc=2E312F\" width=\"100%\" height=\"380\" title=\"Route Points\"><\/iframe>\r\n\t\t\t\t\t\t<\/div>\r\n\t\t\t\t\t\t\r\n\t\t\t\t\t<\/div>\r\n\t\t\t\t<\/div>\r\n\t\t\t<\/section>\t\r\n\t\t\t<section id=\"prices-section\">\r\n\t\t\t\t<div class=\"container-fluid image-background\" style=\"background-image: url(\/wp-content\/uploads\/2023\/06\/bg-abstract-2-reverse.jpg);\">\r\n\t\t\t\t\t<div class=\"container\">\r\n\t\t\t            <div class=\"row justify-content-center align-items-center my-5\">\r\n\t\t\t                <div class=\"col-12 col-lg-8\">\r\n\t\t\t                    <img loading=\"lazy\" decoding=\"async\" width=\"1093\" height=\"1200\" src=\"https:\/\/rethymnotraintour.gr\/wp-content\/uploads\/2023\/06\/home.jpg\" class=\"aligncenter img-fluid wp-image-15 rounded load-hidden zoom-reveal\" alt=\"Rethymno Train Tour\" srcset=\"https:\/\/rethymnotraintour.gr\/wp-content\/uploads\/2023\/06\/home.jpg 1093w, https:\/\/rethymnotraintour.gr\/wp-content\/uploads\/2023\/06\/home-273x300.jpg 273w, https:\/\/rethymnotraintour.gr\/wp-content\/uploads\/2023\/06\/home-933x1024.jpg 933w, https:\/\/rethymnotraintour.gr\/wp-content\/uploads\/2023\/06\/home-768x843.jpg 768w\" sizes=\"auto, (max-width: 1093px) 100vw, 1093px\" \/>\r\n\t\t\t                <\/div>\r\n\t\t\t                <div class=\"col-10 col-lg-4\">\r\n\t\t\t                    <div class=\"background-red rounded shadow-lg p-3 p-lg-5 load-hidden zoom-reveal overlap-left\">\r\n\t\t\t                        <h2 class=\"text-white\"><strong><span class=\"special-underline\">PARTENZE<\/span><\/strong><\/h2>\r\n\t\t\t\t                    <p class=\"text-white pb-5\"><span class=\"lead\">10:00<\/span><span class=\"vr mx-2\"><\/span><span class=\"lead\">11:00<\/span><span class=\"vr mx-2\"><\/span><span class=\"lead\">12:00<\/span><span class=\"vr mx-2\"><\/span><span class=\"lead\">13:00<\/span><span class=\"vr mx-2\"><\/span><span class=\"lead\">14:00<\/span><span class=\"vr mx-2\"><\/span><span class=\"lead\">15:00<\/span><span class=\"vr mx-2\"><\/span><span class=\"lead\">16:00<\/span><span class=\"vr mx-2\"><\/span><span class=\"lead\">17:00<\/span><span class=\"vr mx-2\"><\/span><span class=\"lead\">18:00<\/span><span class=\"vr mx-2\"><\/span><span class=\"lead\">19:00<\/span><span class=\"vr mx-2\"><\/span><\/p>\r\n\t\t\t\t                    <h2 class=\"text-white\"><strong><span class=\"special-underline\">LISTINO PREZZI<\/span><\/strong><\/h2>\r\n\t\t\t\t                    <table class=\"table table-sm table-borderless text-white\">\r\n\t\t\t\t\t\t\t\t\t  <thead>\r\n\t\t\t\t\t\t\t\t\t    <tr class=\"border-bottom border-danger\">\r\n\t\t\t\t\t\t\t\t\t      <th scope=\"col\">Et\u00e0<\/th>\r\n\t\t\t\t\t\t\t\t\t      <th scope=\"col\">Prezzo<\/th>\r\n\t\t\t\t\t\t\t\t\t    <\/tr>\r\n\t\t\t\t\t\t\t\t\t  <\/thead>\r\n\t\t\t\t\t\t\t\t\t  <tbody>\r\n\t\t\t\t\t\t\t\t\t    \r\n\t\t\t\t<tr class=\"border-bottom border-danger\">\r\n\t\t\t      <td>0\u20135 anni<\/td>\r\n\t\t\t      <td><span class=\"lead\">0<\/span>\u20ac<\/td>\r\n\t\t\t    <\/tr>\r\n\t\t\t\r\n\t\t\t\t<tr class=\"border-bottom border-danger\">\r\n\t\t\t      <td>6\u201312 anni<\/td>\r\n\t\t\t      <td><span class=\"lead\">5<\/span>\u20ac<\/td>\r\n\t\t\t    <\/tr>\r\n\t\t\t\r\n\t\t\t\t<tr class=\"border-bottom border-danger\">\r\n\t\t\t      <td>13 anni e pi\u00f9<\/td>\r\n\t\t\t      <td><span class=\"lead\">10<\/span>\u20ac<\/td>\r\n\t\t\t    <\/tr>\r\n\t\t\t\r\n\t\t\t\t\t\t\t\t\t  <\/tbody>\r\n\t\t\t\t\t\t\t\t\t<\/table>\r\n\t\t\t                    <\/div>\r\n\t\t\t                <\/div>\r\n\t\t\t            <\/div>\r\n\t\t\t        <\/div>   \r\n\t\t        <\/div>\r\n\t        <\/section>\r\n\t        <section id=\"gallery-section\">\r\n\t\t        <div class=\"container-fluid my-5 py-5\">\r\n\t\t            <h2 class=\"red-color text-center mb-5\"><strong>UNA DELLE COSE <span class=\"font-40 special-underline\">IMPERDIBILI<\/span> DA FARE A RETHYMNO<\/strong><\/h2>\r\n\t\t            <div class=\"row mx-2 carousel-gallery\">\r\n\t\t                \r\n\t\t\t\t<a class=\"mx-2\" data-fancybox=\"gallery\" href=\"https:\/\/rethymnotraintour.gr\/wp-content\/uploads\/2023\/06\/gallery-1.jpg\" title=\"Rethymno Train Tour Image Gallery\">\r\n                    <div class=\"my-carousel-image image-background rounded\" style=\"background-image: url(https:\/\/rethymnotraintour.gr\/wp-content\/uploads\/2023\/06\/gallery-1.jpg)\"><\/div>\r\n\t\t\t\t<\/a>\r\n\t\t\t\r\n\t\t\t\t<a class=\"mx-2\" data-fancybox=\"gallery\" href=\"https:\/\/rethymnotraintour.gr\/wp-content\/uploads\/2023\/06\/gallery-2.jpg\" title=\"Rethymno Train Tour Image Gallery\">\r\n                    <div class=\"my-carousel-image image-background rounded\" style=\"background-image: url(https:\/\/rethymnotraintour.gr\/wp-content\/uploads\/2023\/06\/gallery-2.jpg)\"><\/div>\r\n\t\t\t\t<\/a>\r\n\t\t\t\r\n\t\t\t\t<a class=\"mx-2\" data-fancybox=\"gallery\" href=\"https:\/\/rethymnotraintour.gr\/wp-content\/uploads\/2023\/06\/gallery-3.jpg\" title=\"Rethymno Train Tour Image Gallery\">\r\n                    <div class=\"my-carousel-image image-background rounded\" style=\"background-image: url(https:\/\/rethymnotraintour.gr\/wp-content\/uploads\/2023\/06\/gallery-3.jpg)\"><\/div>\r\n\t\t\t\t<\/a>\r\n\t\t\t\r\n\t\t\t\t<a class=\"mx-2\" data-fancybox=\"gallery\" href=\"https:\/\/rethymnotraintour.gr\/wp-content\/uploads\/2023\/06\/gallery-4.jpg\" title=\"Rethymno Train Tour Image Gallery\">\r\n                    <div class=\"my-carousel-image image-background rounded\" style=\"background-image: url(https:\/\/rethymnotraintour.gr\/wp-content\/uploads\/2023\/06\/gallery-4.jpg)\"><\/div>\r\n\t\t\t\t<\/a>\r\n\t\t\t\r\n\t\t\t\t<a class=\"mx-2\" data-fancybox=\"gallery\" href=\"https:\/\/rethymnotraintour.gr\/wp-content\/uploads\/2023\/07\/gallery-5.jpg\" title=\"Rethymno Train Tour Image Gallery\">\r\n                    <div class=\"my-carousel-image image-background rounded\" style=\"background-image: url(https:\/\/rethymnotraintour.gr\/wp-content\/uploads\/2023\/07\/gallery-5.jpg)\"><\/div>\r\n\t\t\t\t<\/a>\r\n\t\t\t\r\n\t\t\t\t<a class=\"mx-2\" data-fancybox=\"gallery\" href=\"https:\/\/rethymnotraintour.gr\/wp-content\/uploads\/2023\/06\/gallery-6.jpg\" title=\"Rethymno Train Tour Image Gallery\">\r\n                    <div class=\"my-carousel-image image-background rounded\" style=\"background-image: url(https:\/\/rethymnotraintour.gr\/wp-content\/uploads\/2023\/06\/gallery-6.jpg)\"><\/div>\r\n\t\t\t\t<\/a>\r\n\t\t\t\r\n\t\t\t\t<a class=\"mx-2\" data-fancybox=\"gallery\" href=\"https:\/\/rethymnotraintour.gr\/wp-content\/uploads\/2023\/06\/gallery-7.jpg\" title=\"Rethymno Train Tour Image Gallery\">\r\n                    <div class=\"my-carousel-image image-background rounded\" style=\"background-image: url(https:\/\/rethymnotraintour.gr\/wp-content\/uploads\/2023\/06\/gallery-7.jpg)\"><\/div>\r\n\t\t\t\t<\/a>\r\n\t\t\t\r\n\t\t\t\t<a class=\"mx-2\" data-fancybox=\"gallery\" href=\"https:\/\/rethymnotraintour.gr\/wp-content\/uploads\/2023\/06\/gallery-8.jpg\" title=\"Rethymno Train Tour Image Gallery\">\r\n                    <div class=\"my-carousel-image image-background rounded\" style=\"background-image: url(https:\/\/rethymnotraintour.gr\/wp-content\/uploads\/2023\/06\/gallery-8.jpg)\"><\/div>\r\n\t\t\t\t<\/a>\r\n\t\t\t\r\n\t\t\t\t<a class=\"mx-2\" data-fancybox=\"gallery\" href=\"https:\/\/rethymnotraintour.gr\/wp-content\/uploads\/2023\/06\/gallery-9-e1758108399319.jpg\" title=\"Rethymno Train Tour Image Gallery\">\r\n                    <div class=\"my-carousel-image image-background rounded\" style=\"background-image: url(https:\/\/rethymnotraintour.gr\/wp-content\/uploads\/2023\/06\/gallery-9-e1758108399319.jpg)\"><\/div>\r\n\t\t\t\t<\/a>\r\n\t\t\t\r\n\t\t\t\t<a class=\"mx-2\" data-fancybox=\"gallery\" href=\"https:\/\/rethymnotraintour.gr\/wp-content\/uploads\/2023\/06\/gallery-10.jpg\" title=\"Rethymno Train Tour Image Gallery\">\r\n                    <div class=\"my-carousel-image image-background rounded\" style=\"background-image: url(https:\/\/rethymnotraintour.gr\/wp-content\/uploads\/2023\/06\/gallery-10.jpg)\"><\/div>\r\n\t\t\t\t<\/a>\r\n\t\t\t\r\n\t\t\t\t<a class=\"mx-2\" data-fancybox=\"gallery\" href=\"https:\/\/rethymnotraintour.gr\/wp-content\/uploads\/2023\/06\/gallery-11.jpg\" title=\"Rethymno Train Tour Image Gallery\">\r\n                    <div class=\"my-carousel-image image-background rounded\" style=\"background-image: url(https:\/\/rethymnotraintour.gr\/wp-content\/uploads\/2023\/06\/gallery-11.jpg)\"><\/div>\r\n\t\t\t\t<\/a>\r\n\t\t\t\r\n\t\t\t\t<a class=\"mx-2\" data-fancybox=\"gallery\" href=\"https:\/\/rethymnotraintour.gr\/wp-content\/uploads\/2023\/06\/gallery-12.jpg\" title=\"Rethymno Train Tour Image Gallery\">\r\n                    <div class=\"my-carousel-image image-background rounded\" style=\"background-image: url(https:\/\/rethymnotraintour.gr\/wp-content\/uploads\/2023\/06\/gallery-12.jpg)\"><\/div>\r\n\t\t\t\t<\/a>\r\n\t\t\t\r\n\t\t\t\t<a class=\"mx-2\" data-fancybox=\"gallery\" href=\"https:\/\/rethymnotraintour.gr\/wp-content\/uploads\/2023\/06\/gallery-13.jpg\" title=\"Rethymno Train Tour Image Gallery\">\r\n                    <div class=\"my-carousel-image image-background rounded\" style=\"background-image: url(https:\/\/rethymnotraintour.gr\/wp-content\/uploads\/2023\/06\/gallery-13.jpg)\"><\/div>\r\n\t\t\t\t<\/a>\r\n\t\t\t\r\n\t\t\t\t<a class=\"mx-2\" data-fancybox=\"gallery\" href=\"https:\/\/rethymnotraintour.gr\/wp-content\/uploads\/2023\/06\/gallery-14.jpg\" title=\"Rethymno Train Tour Image Gallery\">\r\n                    <div class=\"my-carousel-image image-background rounded\" style=\"background-image: url(https:\/\/rethymnotraintour.gr\/wp-content\/uploads\/2023\/06\/gallery-14.jpg)\"><\/div>\r\n\t\t\t\t<\/a>\r\n\t\t\t\r\n\t\t\t\t\t<\/div>\r\n\t\t\t\t<\/div>\r\n\t\t\t<\/section>\t\r\n\t\t\t<section id=\"faq-section\">\r\n\t\t\t\t<div class=\"container my-5 py-5\">\r\n\t\t\t\t\t<h2 class=\"red-color text-center\"><strong><span class=\"font-40 special-underline\">DOMANDE<\/span> FREQUENTI<\/strong><\/h2>\r\n\t\t\t\t\t\r\n\t\t\t\t\t<div class=\"accordion\" id=\"accordionExample\">\r\n\t\t\t\t\t  \r\n\t\t\t\t  <div class=\"accordion-item\">\r\n\t\t\t\t    <h2 class=\"accordion-header\" id=\"heading1\">\r\n\t\t\t\t      <button class=\"accordion-button\" type=\"button\" data-bs-toggle=\"collapse\" data-bs-target=\"#collapse1\" aria-expanded=\"true\" aria-controls=\"collapse1\">\r\n\t\t\t\t        <span class=\"lead\"><strong>Quante stazioni ci sono?<\/strong><\/span>\r\n\t\t\t\t      <\/button>\r\n\t\t\t\t    <\/h2>\r\n\t\t\t\t    <div id=\"collapse1\" class=\"accordion-collapse collapse  show\" data-bs-parent=\"#accordionExample\">\r\n\t\t\t\t      <div class=\"accordion-body my-3\">\r\n\t\t\t\t        <p>C\u2019\u00e8 una sola stazione.<\/p>\n\r\n\t\t\t\t      <\/div>\r\n\t\t\t\t    <\/div>\r\n\t\t\t\t  <\/div>\r\n\t\t\t\r\n\t\t\t\t  <div class=\"accordion-item\">\r\n\t\t\t\t    <h2 class=\"accordion-header\" id=\"heading2\">\r\n\t\t\t\t      <button class=\"accordion-button collapsed\" type=\"button\" data-bs-toggle=\"collapse\" data-bs-target=\"#collapse2\" aria-expanded=\"false\" aria-controls=\"collapse2\">\r\n\t\t\t\t        <span class=\"lead\"><strong>C\u2019\u00e8 un solo percorso?<\/strong><\/span>\r\n\t\t\t\t      <\/button>\r\n\t\t\t\t    <\/h2>\r\n\t\t\t\t    <div id=\"collapse2\" class=\"accordion-collapse collapse \" data-bs-parent=\"#accordionExample\">\r\n\t\t\t\t      <div class=\"accordion-body my-3\">\r\n\t\t\t\t        <p>S\u00ec, c\u2019\u00e8 un unico itinerario nel centro storico di Rethymno.<\/p>\n\r\n\t\t\t\t      <\/div>\r\n\t\t\t\t    <\/div>\r\n\t\t\t\t  <\/div>\r\n\t\t\t\r\n\t\t\t\t  <div class=\"accordion-item\">\r\n\t\t\t\t    <h2 class=\"accordion-header\" id=\"heading3\">\r\n\t\t\t\t      <button class=\"accordion-button collapsed\" type=\"button\" data-bs-toggle=\"collapse\" data-bs-target=\"#collapse3\" aria-expanded=\"false\" aria-controls=\"collapse3\">\r\n\t\t\t\t        <span class=\"lead\"><strong>Posso scendere e risalire sul treno durante il tour?<\/strong><\/span>\r\n\t\t\t\t      <\/button>\r\n\t\t\t\t    <\/h2>\r\n\t\t\t\t    <div id=\"collapse3\" class=\"accordion-collapse collapse \" data-bs-parent=\"#accordionExample\">\r\n\t\t\t\t      <div class=\"accordion-body my-3\">\r\n\t\t\t\t        <p>No, \u00e8 un percorso di andata e ritorno: puoi scendere e risalire solo in stazione.<\/p>\n\r\n\t\t\t\t      <\/div>\r\n\t\t\t\t    <\/div>\r\n\t\t\t\t  <\/div>\r\n\t\t\t\r\n\t\t\t\t  <div class=\"accordion-item\">\r\n\t\t\t\t    <h2 class=\"accordion-header\" id=\"heading4\">\r\n\t\t\t\t      <button class=\"accordion-button collapsed\" type=\"button\" data-bs-toggle=\"collapse\" data-bs-target=\"#collapse4\" aria-expanded=\"false\" aria-controls=\"collapse4\">\r\n\t\t\t\t        <span class=\"lead\"><strong>\u00c8 prevista una riduzione per le persone con disabilit\u00e0?<\/strong><\/span>\r\n\t\t\t\t      <\/button>\r\n\t\t\t\t    <\/h2>\r\n\t\t\t\t    <div id=\"collapse4\" class=\"accordion-collapse collapse \" data-bs-parent=\"#accordionExample\">\r\n\t\t\t\t      <div class=\"accordion-body my-3\">\r\n\t\t\t\t        <p>S\u00ec, \u00e8 prevista una riduzione del 50% previa esibizione della carta di disabilit\u00e0.<\/p>\n\r\n\t\t\t\t      <\/div>\r\n\t\t\t\t    <\/div>\r\n\t\t\t\t  <\/div>\r\n\t\t\t\r\n\t\t\t\t  <div class=\"accordion-item\">\r\n\t\t\t\t    <h2 class=\"accordion-header\" id=\"heading5\">\r\n\t\t\t\t      <button class=\"accordion-button collapsed\" type=\"button\" data-bs-toggle=\"collapse\" data-bs-target=\"#collapse5\" aria-expanded=\"false\" aria-controls=\"collapse5\">\r\n\t\t\t\t        <span class=\"lead\"><strong>Dove posso lasciare la mia sedia a rotelle o il mio passeggino durante il percorso?<\/strong><\/span>\r\n\t\t\t\t      <\/button>\r\n\t\t\t\t    <\/h2>\r\n\t\t\t\t    <div id=\"collapse5\" class=\"accordion-collapse collapse \" data-bs-parent=\"#accordionExample\">\r\n\t\t\t\t      <div class=\"accordion-body my-3\">\r\n\t\t\t\t        <p>Potete lasciarli alla nostra stazione, dove li custodiamo in sicurezza fino al vostro ritorno.<\/p>\n\r\n\t\t\t\t      <\/div>\r\n\t\t\t\t    <\/div>\r\n\t\t\t\t  <\/div>\r\n\t\t\t\r\n\t\t\t\t  <div class=\"accordion-item\">\r\n\t\t\t\t    <h2 class=\"accordion-header\" id=\"heading6\">\r\n\t\t\t\t      <button class=\"accordion-button collapsed\" type=\"button\" data-bs-toggle=\"collapse\" data-bs-target=\"#collapse6\" aria-expanded=\"false\" aria-controls=\"collapse6\">\r\n\t\t\t\t        <span class=\"lead\"><strong>Il biglietto \u00e8 valido tutto il giorno?<\/strong><\/span>\r\n\t\t\t\t      <\/button>\r\n\t\t\t\t    <\/h2>\r\n\t\t\t\t    <div id=\"collapse6\" class=\"accordion-collapse collapse \" data-bs-parent=\"#accordionExample\">\r\n\t\t\t\t      <div class=\"accordion-body my-3\">\r\n\t\t\t\t        <p>No, \u00e8 valido solo per un singolo tour.<\/p>\n\r\n\t\t\t\t      <\/div>\r\n\t\t\t\t    <\/div>\r\n\t\t\t\t  <\/div>\r\n\t\t\t\r\n\t\t\t\t  <div class=\"accordion-item\">\r\n\t\t\t\t    <h2 class=\"accordion-header\" id=\"heading7\">\r\n\t\t\t\t      <button class=\"accordion-button collapsed\" type=\"button\" data-bs-toggle=\"collapse\" data-bs-target=\"#collapse7\" aria-expanded=\"false\" aria-controls=\"collapse7\">\r\n\t\t\t\t        <span class=\"lead\"><strong>C\u2019\u00e8 un sistema di guida?<\/strong><\/span>\r\n\t\t\t\t      <\/button>\r\n\t\t\t\t    <\/h2>\r\n\t\t\t\t    <div id=\"collapse7\" class=\"accordion-collapse collapse \" data-bs-parent=\"#accordionExample\">\r\n\t\t\t\t      <div class=\"accordion-body my-3\">\r\n\t\t\t\t        <p>S\u00ec, \u00e8 disponibile un\u2019audioguida in greco, inglese, tedesco, francese, italiano e russo.<\/p>\n\r\n\t\t\t\t      <\/div>\r\n\t\t\t\t    <\/div>\r\n\t\t\t\t  <\/div>\r\n\t\t\t\r\n\t\t\t\t  <div class=\"accordion-item\">\r\n\t\t\t\t    <h2 class=\"accordion-header\" id=\"heading8\">\r\n\t\t\t\t      <button class=\"accordion-button collapsed\" type=\"button\" data-bs-toggle=\"collapse\" data-bs-target=\"#collapse8\" aria-expanded=\"false\" aria-controls=\"collapse8\">\r\n\t\t\t\t        <span class=\"lead\"><strong>A che ora parte il treno?<\/strong><\/span>\r\n\t\t\t\t      <\/button>\r\n\t\t\t\t    <\/h2>\r\n\t\t\t\t    <div id=\"collapse8\" class=\"accordion-collapse collapse \" data-bs-parent=\"#accordionExample\">\r\n\t\t\t\t      <div class=\"accordion-body my-3\">\r\n\t\t\t\t        <p>Gli orari di partenza variano in base alla stagione, quindi consulta il nostro orario sul nostro sito o presso la nostra stazione.<\/p>\n\r\n\t\t\t\t      <\/div>\r\n\t\t\t\t    <\/div>\r\n\t\t\t\t  <\/div>\r\n\t\t\t\r\n\t\t\t\t  <div class=\"accordion-item\">\r\n\t\t\t\t    <h2 class=\"accordion-header\" id=\"heading9\">\r\n\t\t\t\t      <button class=\"accordion-button collapsed\" type=\"button\" data-bs-toggle=\"collapse\" data-bs-target=\"#collapse9\" aria-expanded=\"false\" aria-controls=\"collapse9\">\r\n\t\t\t\t        <span class=\"lead\"><strong>Quanto dura il tour?<\/strong><\/span>\r\n\t\t\t\t      <\/button>\r\n\t\t\t\t    <\/h2>\r\n\t\t\t\t    <div id=\"collapse9\" class=\"accordion-collapse collapse \" data-bs-parent=\"#accordionExample\">\r\n\t\t\t\t      <div class=\"accordion-body my-3\">\r\n\t\t\t\t        <p>La durata del tour \u00e8 di 30\u201335 minuti.<\/p>\n\r\n\t\t\t\t      <\/div>\r\n\t\t\t\t    <\/div>\r\n\t\t\t\t  <\/div>\r\n\t\t\t\r\n\t\t\t\t  <div class=\"accordion-item\">\r\n\t\t\t\t    <h2 class=\"accordion-header\" id=\"heading10\">\r\n\t\t\t\t      <button class=\"accordion-button collapsed\" type=\"button\" data-bs-toggle=\"collapse\" data-bs-target=\"#collapse10\" aria-expanded=\"false\" aria-controls=\"collapse10\">\r\n\t\t\t\t        <span class=\"lead\"><strong>Dov\u2019\u00e8 la vostra stazione?<\/strong><\/span>\r\n\t\t\t\t      <\/button>\r\n\t\t\t\t    <\/h2>\r\n\t\t\t\t    <div id=\"collapse10\" class=\"accordion-collapse collapse \" data-bs-parent=\"#accordionExample\">\r\n\t\t\t\t      <div class=\"accordion-body my-3\">\r\n\t\t\t\t        <p>La nostra stazione si trova in via Sofokli Venizelou, accanto a piazza Agnostos.<\/p>\n<p>Trovaci su <a href=\"https:\/\/www.google.com\/maps\/place\/Rethymno+Train+Tour-Red+Train+Rethymno\/@35.3668919,24.4805063,15z\/data=!4m2!3m1!1s0x0:0x2efddfc03195a586?sa=X&#038;ved=2ahUKEwjP8I6zrO__AhUZgv0HHb_xDMQQ_BJ6BAgzEAA&#038;ved=2ahUKEwjP8I6zrO__AhUZgv0HHb_xDMQQ_BJ6BAg9EAg\" rel=\"noopener\" target=\"_blank\">Google Maps<\/a>.<\/p>\n\r\n\t\t\t\t      <\/div>\r\n\t\t\t\t    <\/div>\r\n\t\t\t\t  <\/div>\r\n\t\t\t\r\n\t\t\t\t  <div class=\"accordion-item\">\r\n\t\t\t\t    <h2 class=\"accordion-header\" id=\"heading11\">\r\n\t\t\t\t      <button class=\"accordion-button collapsed\" type=\"button\" data-bs-toggle=\"collapse\" data-bs-target=\"#collapse11\" aria-expanded=\"false\" aria-controls=\"collapse11\">\r\n\t\t\t\t        <span class=\"lead\"><strong>\u00c8 previsto sconto per i bambini?<\/strong><\/span>\r\n\t\t\t\t      <\/button>\r\n\t\t\t\t    <\/h2>\r\n\t\t\t\t    <div id=\"collapse11\" class=\"accordion-collapse collapse \" data-bs-parent=\"#accordionExample\">\r\n\t\t\t\t      <div class=\"accordion-body my-3\">\r\n\t\t\t\t        <p>Yes, you may check the price list on our website or at our station for more details.<\/p>\n\r\n\t\t\t\t      <\/div>\r\n\t\t\t\t    <\/div>\r\n\t\t\t\t  <\/div>\r\n\t\t\t\r\n\t\t\t\t  <div class=\"accordion-item\">\r\n\t\t\t\t    <h2 class=\"accordion-header\" id=\"heading12\">\r\n\t\t\t\t      <button class=\"accordion-button collapsed\" type=\"button\" data-bs-toggle=\"collapse\" data-bs-target=\"#collapse12\" aria-expanded=\"false\" aria-controls=\"collapse12\">\r\n\t\t\t\t        <span class=\"lead\"><strong>Posso pagare con carta?<\/strong><\/span>\r\n\t\t\t\t      <\/button>\r\n\t\t\t\t    <\/h2>\r\n\t\t\t\t    <div id=\"collapse12\" class=\"accordion-collapse collapse \" data-bs-parent=\"#accordionExample\">\r\n\t\t\t\t      <div class=\"accordion-body my-3\">\r\n\t\t\t\t        <p>S\u00ec, certamente.<\/p>\n\r\n\t\t\t\t      <\/div>\r\n\t\t\t\t    <\/div>\r\n\t\t\t\t  <\/div>\r\n\t\t\t\r\n\t\t\t\t  <div class=\"accordion-item\">\r\n\t\t\t\t    <h2 class=\"accordion-header\" id=\"heading13\">\r\n\t\t\t\t      <button class=\"accordion-button collapsed\" type=\"button\" data-bs-toggle=\"collapse\" data-bs-target=\"#collapse13\" aria-expanded=\"false\" aria-controls=\"collapse13\">\r\n\t\t\t\t        <span class=\"lead\"><strong>Posso acquistare i biglietti online?<\/strong><\/span>\r\n\t\t\t\t      <\/button>\r\n\t\t\t\t    <\/h2>\r\n\t\t\t\t    <div id=\"collapse13\" class=\"accordion-collapse collapse \" data-bs-parent=\"#accordionExample\">\r\n\t\t\t\t      <div class=\"accordion-body my-3\">\r\n\t\t\t\t        <p>No, i biglietti si acquistano solo presso la nostra stazione.<\/p>\n\r\n\t\t\t\t      <\/div>\r\n\t\t\t\t    <\/div>\r\n\t\t\t\t  <\/div>\r\n\t\t\t\r\n\t\t\t\t  <div class=\"accordion-item\">\r\n\t\t\t\t    <h2 class=\"accordion-header\" id=\"heading14\">\r\n\t\t\t\t      <button class=\"accordion-button collapsed\" type=\"button\" data-bs-toggle=\"collapse\" data-bs-target=\"#collapse14\" aria-expanded=\"false\" aria-controls=\"collapse14\">\r\n\t\t\t\t        <span class=\"lead\"><strong>Devo prenotare in anticipo?<\/strong><\/span>\r\n\t\t\t\t      <\/button>\r\n\t\t\t\t    <\/h2>\r\n\t\t\t\t    <div id=\"collapse14\" class=\"accordion-collapse collapse \" data-bs-parent=\"#accordionExample\">\r\n\t\t\t\t      <div class=\"accordion-body my-3\">\r\n\t\t\t\t        <p>No, dovresti solo essere presso la nostra stazione almeno 15 minuti prima dell\u2019orario di partenza scelto.<\/p>\n\r\n\t\t\t\t      <\/div>\r\n\t\t\t\t    <\/div>\r\n\t\t\t\t  <\/div>\r\n\t\t\t\r\n\t\t\t\t\t<\/div>\r\n\t\t\t\t<\/div>\r\n            <\/section>\r\n                \n","protected":false},"excerpt":{"rendered":"Scopri il centro storico di Rethymno. Scopri i monumenti storici e i siti di interesse pi\u00f9 importanti della citt\u00e0. Un tour da non perdere.","protected":false},"author":1,"featured_media":0,"parent":0,"menu_order":0,"comment_status":"closed","ping_status":"closed","template":"page-FullWidth.php","meta":{"_acf_changed":false,"footnotes":""},"class_list":["post-538","page","type-page","status-publish","hentry"],"acf":[],"_links":{"self":[{"href":"https:\/\/rethymnotraintour.gr\/it\/wp-json\/wp\/v2\/pages\/538","targetHints":{"allow":["GET"]}}],"collection":[{"href":"https:\/\/rethymnotraintour.gr\/it\/wp-json\/wp\/v2\/pages"}],"about":[{"href":"https:\/\/rethymnotraintour.gr\/it\/wp-json\/wp\/v2\/types\/page"}],"author":[{"embeddable":true,"href":"https:\/\/rethymnotraintour.gr\/it\/wp-json\/wp\/v2\/users\/1"}],"replies":[{"embeddable":true,"href":"https:\/\/rethymnotraintour.gr\/it\/wp-json\/wp\/v2\/comments?post=538"}],"version-history":[{"count":0,"href":"https:\/\/rethymnotraintour.gr\/it\/wp-json\/wp\/v2\/pages\/538\/revisions"}],"wp:attachment":[{"href":"https:\/\/rethymnotraintour.gr\/it\/wp-json\/wp\/v2\/media?parent=538"}],"curies":[{"name":"wp","href":"https:\/\/api.w.org\/{rel}","templated":true}]}}