{"id":456,"date":"2023-06-12T10:01:49","date_gmt":"2023-06-12T07:01:49","guid":{"rendered":"https:\/\/rethymnotraintour.gr\/accueil\/"},"modified":"2023-06-12T10:01:49","modified_gmt":"2023-06-12T07:01:49","slug":"accueil","status":"publish","type":"page","link":"https:\/\/rethymnotraintour.gr\/fr\/","title":{"rendered":"ACCUEIL"},"content":{"rendered":"<div class=\"container-fluid image-background\" style=\"background-image: url(\/wp-content\/uploads\/2023\/06\/bg-abstract-2.jpg);\">\r\n\t\t\t\t<div class=\"container\">\r\n\t\t            <div class=\"row justify-content-center align-items-center my-5\">\r\n\t\t                <div class=\"col-11 col-lg-4\">\r\n\t\t                    <div class=\"background-red rounded shadow-lg p-3 p-lg-5 load-hidden zoom-reveal overlap-right\">\r\n\t\t                        <h1 class=\"text-white\"><strong>RETHYMNO <span class=\"special-underline\">TRAIN TOUR<\/span><\/strong><\/h1>\r\n\t\t\t                    <h2 class=\"h4 lead text-white\">D\u00c9COUVREZ LE CENTRE HISTORIQUE DE LA VILLE<\/h2>\r\n\t\t\t                    <div class=\"text-white\"><p>Rejoignez-nous pour explorer le centre historique de R\u00e9thymnon \u00e0 bord de notre train touristique. Au cours du trajet, vous admirerez le c\u00e9l\u00e8bre Phare du Port V\u00e9nitien, la Loggia historique, le pittoresque Port V\u00e9nitien, l\u2019imposante forteresse de la Fortezza, l\u2019entr\u00e9e principale de la vieille ville, ainsi que de nombreux autres monuments qui fa\u00e7onnent l\u2019identit\u00e9 unique de la ville.<br \/>\nEn m\u00eame temps, l\u2019audioguide vous fournira des informations fascinantes et utiles qui donnent vie \u00e0 l\u2019histoire et aux traditions de R\u00e9thymnon. Une exp\u00e9rience pour tous les \u00e2ges, offrant une mani\u00e8re agr\u00e9able et relaxante de d\u00e9couvrir et d\u2019appr\u00e9cier la ville.<\/p>\n<\/div>\r\n\t\t                    <\/div>\r\n\t\t                <\/div>\r\n\t\t                <div class=\"col-12 col-lg-8\">\r\n\t\t                    <img loading=\"lazy\" decoding=\"async\" width=\"1093\" height=\"1200\" src=\"https:\/\/rethymnotraintour.gr\/wp-content\/uploads\/2023\/06\/intro.jpg\" class=\"aligncenter img-fluid wp-image-15 rounded load-hidden zoom-reveal\" alt=\"Rethymno Train Tour\" srcset=\"https:\/\/rethymnotraintour.gr\/wp-content\/uploads\/2023\/06\/intro.jpg 1093w, https:\/\/rethymnotraintour.gr\/wp-content\/uploads\/2023\/06\/intro-273x300.jpg 273w, https:\/\/rethymnotraintour.gr\/wp-content\/uploads\/2023\/06\/intro-933x1024.jpg 933w, https:\/\/rethymnotraintour.gr\/wp-content\/uploads\/2023\/06\/intro-768x843.jpg 768w\" sizes=\"auto, (max-width: 1093px) 100vw, 1093px\" \/>\r\n\t\t                <\/div>\r\n\t\t            <\/div>\r\n\t\t        <\/div>   \r\n\t        <\/div>\r\n\t        \r\n\t        <section id=\"info-section\">\r\n\t\t        <div class=\"container my-5 py-5\">\r\n\t                <div class=\"row border rounded shadow px-4 bg-light justify-content-center align-items-center py-4\">\r\n\t                    \r\n\t                    <div class=\"col-12 col-lg-6 text-start mb-4 mb-lg-0\">\r\n\t\t                    <h2 class=\"red-color\"><strong>FAIRE UN <span class=\"font-40 special-underline\">TOUR<\/span> DE VILLE<\/strong><\/h2>\r\n\t                        <div class=\"lead mb-2\"><i class=\"fas fa-map-marker-alt red-color me-2\"><\/i> Informations historiques de R\u00e9thymnon<\/div>\r\n\t                        <div class=\"lead mb-2\"><i class=\"fas fa-volume-up red-color\"><\/i> Audioguide en 6 langues <span class=\"d-inline-block\"><small>(anglais, allemand, fran\u00e7ais, italien, russe, grec)<\/small><\/span><\/div>\r\n\t                        <div class=\"lead mb-2\"><i class=\"far fa-clock red-color\"><\/i> Dur\u00e9e : 30 \u2013 35 min.<\/div>\r\n\t                        <div class=\"mt-4\"><a href=\"https:\/\/rethymnotraintour.gr\/rethymno-sights\/\" title=\"Rethymno's Sightseeings\" role=\"button\" class=\"btn btn-primary btn-lg\">Sites de R\u00e9thymnon<\/a><\/div>\r\n\t\t\t\t\t\t<\/div>\r\n\t\t                <div class=\"col-12 col-lg-6 text-center mb-4 mb-lg-0\">\r\n\t\t                    <iframe loading=\"lazy\" src=\"https:\/\/www.google.com\/maps\/d\/u\/2\/embed?mid=1EsgpeGsxCV7edlYtQlNxXf7vao6ZU38&ehbc=2E312F\" width=\"100%\" height=\"380\" title=\"Route Points\"><\/iframe>\r\n\t\t\t\t\t\t<\/div>\r\n\t\t\t\t\t\t\r\n\t\t\t\t\t<\/div>\r\n\t\t\t\t<\/div>\r\n\t\t\t<\/section>\t\r\n\t\t\t<section id=\"prices-section\">\r\n\t\t\t\t<div class=\"container-fluid image-background\" style=\"background-image: url(\/wp-content\/uploads\/2023\/06\/bg-abstract-2-reverse.jpg);\">\r\n\t\t\t\t\t<div class=\"container\">\r\n\t\t\t            <div class=\"row justify-content-center align-items-center my-5\">\r\n\t\t\t                <div class=\"col-12 col-lg-8\">\r\n\t\t\t                    <img loading=\"lazy\" decoding=\"async\" width=\"1093\" height=\"1200\" src=\"https:\/\/rethymnotraintour.gr\/wp-content\/uploads\/2023\/06\/home.jpg\" class=\"aligncenter img-fluid wp-image-15 rounded load-hidden zoom-reveal\" alt=\"Rethymno Train Tour\" srcset=\"https:\/\/rethymnotraintour.gr\/wp-content\/uploads\/2023\/06\/home.jpg 1093w, https:\/\/rethymnotraintour.gr\/wp-content\/uploads\/2023\/06\/home-273x300.jpg 273w, https:\/\/rethymnotraintour.gr\/wp-content\/uploads\/2023\/06\/home-933x1024.jpg 933w, https:\/\/rethymnotraintour.gr\/wp-content\/uploads\/2023\/06\/home-768x843.jpg 768w\" sizes=\"auto, (max-width: 1093px) 100vw, 1093px\" \/>\r\n\t\t\t                <\/div>\r\n\t\t\t                <div class=\"col-10 col-lg-4\">\r\n\t\t\t                    <div class=\"background-red rounded shadow-lg p-3 p-lg-5 load-hidden zoom-reveal overlap-left\">\r\n\t\t\t                        <h2 class=\"text-white\"><strong><span class=\"special-underline\">D\u00c9PARTS<\/span><\/strong><\/h2>\r\n\t\t\t\t                    <p class=\"text-white pb-5\"><span class=\"lead\">10:00<\/span><span class=\"vr mx-2\"><\/span><span class=\"lead\">11:00<\/span><span class=\"vr mx-2\"><\/span><span class=\"lead\">12:00<\/span><span class=\"vr mx-2\"><\/span><span class=\"lead\">13:00<\/span><span class=\"vr mx-2\"><\/span><span class=\"lead\">14:00<\/span><span class=\"vr mx-2\"><\/span><span class=\"lead\">15:00<\/span><span class=\"vr mx-2\"><\/span><span class=\"lead\">16:00<\/span><span class=\"vr mx-2\"><\/span><span class=\"lead\">17:00<\/span><span class=\"vr mx-2\"><\/span><span class=\"lead\">18:00<\/span><span class=\"vr mx-2\"><\/span><span class=\"lead\">19:00<\/span><span class=\"vr mx-2\"><\/span><\/p>\r\n\t\t\t\t                    <h2 class=\"text-white\"><strong><span class=\"special-underline\">TARIFS<\/span><\/strong><\/h2>\r\n\t\t\t\t                    <table class=\"table table-sm table-borderless text-white\">\r\n\t\t\t\t\t\t\t\t\t  <thead>\r\n\t\t\t\t\t\t\t\t\t    <tr class=\"border-bottom border-danger\">\r\n\t\t\t\t\t\t\t\t\t      <th scope=\"col\">\u00c2ge<\/th>\r\n\t\t\t\t\t\t\t\t\t      <th scope=\"col\">Prix<\/th>\r\n\t\t\t\t\t\t\t\t\t    <\/tr>\r\n\t\t\t\t\t\t\t\t\t  <\/thead>\r\n\t\t\t\t\t\t\t\t\t  <tbody>\r\n\t\t\t\t\t\t\t\t\t    \r\n\t\t\t\t<tr class=\"border-bottom border-danger\">\r\n\t\t\t      <td>0 \u2013 5 ans<\/td>\r\n\t\t\t      <td><span class=\"lead\">0<\/span>\u20ac<\/td>\r\n\t\t\t    <\/tr>\r\n\t\t\t\r\n\t\t\t\t<tr class=\"border-bottom border-danger\">\r\n\t\t\t      <td>6 \u2013 12 ans<\/td>\r\n\t\t\t      <td><span class=\"lead\">5<\/span>\u20ac<\/td>\r\n\t\t\t    <\/tr>\r\n\t\t\t\r\n\t\t\t\t<tr class=\"border-bottom border-danger\">\r\n\t\t\t      <td>13 ans et plus<\/td>\r\n\t\t\t      <td><span class=\"lead\">10<\/span>\u20ac<\/td>\r\n\t\t\t    <\/tr>\r\n\t\t\t\r\n\t\t\t\t\t\t\t\t\t  <\/tbody>\r\n\t\t\t\t\t\t\t\t\t<\/table>\r\n\t\t\t                    <\/div>\r\n\t\t\t                <\/div>\r\n\t\t\t            <\/div>\r\n\t\t\t        <\/div>   \r\n\t\t        <\/div>\r\n\t        <\/section>\r\n\t        <section id=\"gallery-section\">\r\n\t\t        <div class=\"container-fluid my-5 py-5\">\r\n\t\t            <h2 class=\"red-color text-center mb-5\"><strong>UNE DES ACTIVIT\u00c9S <span class=\"font-40 special-underline\">IMPORTANTES<\/span> \u00c0 FAIRE \u00c0 R\u00c9THYMNON<\/strong><\/h2>\r\n\t\t            <div class=\"row mx-2 carousel-gallery\">\r\n\t\t                \r\n\t\t\t\t<a class=\"mx-2\" data-fancybox=\"gallery\" href=\"https:\/\/rethymnotraintour.gr\/wp-content\/uploads\/2023\/06\/gallery-1.jpg\" title=\"Rethymno Train Tour Image Gallery\">\r\n                    <div class=\"my-carousel-image image-background rounded\" style=\"background-image: url(https:\/\/rethymnotraintour.gr\/wp-content\/uploads\/2023\/06\/gallery-1.jpg)\"><\/div>\r\n\t\t\t\t<\/a>\r\n\t\t\t\r\n\t\t\t\t<a class=\"mx-2\" data-fancybox=\"gallery\" href=\"https:\/\/rethymnotraintour.gr\/wp-content\/uploads\/2023\/06\/gallery-2.jpg\" title=\"Rethymno Train Tour Image Gallery\">\r\n                    <div class=\"my-carousel-image image-background rounded\" style=\"background-image: url(https:\/\/rethymnotraintour.gr\/wp-content\/uploads\/2023\/06\/gallery-2.jpg)\"><\/div>\r\n\t\t\t\t<\/a>\r\n\t\t\t\r\n\t\t\t\t<a class=\"mx-2\" data-fancybox=\"gallery\" href=\"https:\/\/rethymnotraintour.gr\/wp-content\/uploads\/2023\/06\/gallery-3.jpg\" title=\"Rethymno Train Tour Image Gallery\">\r\n                    <div class=\"my-carousel-image image-background rounded\" style=\"background-image: url(https:\/\/rethymnotraintour.gr\/wp-content\/uploads\/2023\/06\/gallery-3.jpg)\"><\/div>\r\n\t\t\t\t<\/a>\r\n\t\t\t\r\n\t\t\t\t<a class=\"mx-2\" data-fancybox=\"gallery\" href=\"https:\/\/rethymnotraintour.gr\/wp-content\/uploads\/2023\/06\/gallery-4.jpg\" title=\"Rethymno Train Tour Image Gallery\">\r\n                    <div class=\"my-carousel-image image-background rounded\" style=\"background-image: url(https:\/\/rethymnotraintour.gr\/wp-content\/uploads\/2023\/06\/gallery-4.jpg)\"><\/div>\r\n\t\t\t\t<\/a>\r\n\t\t\t\r\n\t\t\t\t<a class=\"mx-2\" data-fancybox=\"gallery\" href=\"https:\/\/rethymnotraintour.gr\/wp-content\/uploads\/2023\/07\/gallery-5.jpg\" title=\"Rethymno Train Tour Image Gallery\">\r\n                    <div class=\"my-carousel-image image-background rounded\" style=\"background-image: url(https:\/\/rethymnotraintour.gr\/wp-content\/uploads\/2023\/07\/gallery-5.jpg)\"><\/div>\r\n\t\t\t\t<\/a>\r\n\t\t\t\r\n\t\t\t\t<a class=\"mx-2\" data-fancybox=\"gallery\" href=\"https:\/\/rethymnotraintour.gr\/wp-content\/uploads\/2023\/06\/gallery-6.jpg\" title=\"Rethymno Train Tour Image Gallery\">\r\n                    <div class=\"my-carousel-image image-background rounded\" style=\"background-image: url(https:\/\/rethymnotraintour.gr\/wp-content\/uploads\/2023\/06\/gallery-6.jpg)\"><\/div>\r\n\t\t\t\t<\/a>\r\n\t\t\t\r\n\t\t\t\t<a class=\"mx-2\" data-fancybox=\"gallery\" href=\"https:\/\/rethymnotraintour.gr\/wp-content\/uploads\/2023\/06\/gallery-7.jpg\" title=\"Rethymno Train Tour Image Gallery\">\r\n                    <div class=\"my-carousel-image image-background rounded\" style=\"background-image: url(https:\/\/rethymnotraintour.gr\/wp-content\/uploads\/2023\/06\/gallery-7.jpg)\"><\/div>\r\n\t\t\t\t<\/a>\r\n\t\t\t\r\n\t\t\t\t<a class=\"mx-2\" data-fancybox=\"gallery\" href=\"https:\/\/rethymnotraintour.gr\/wp-content\/uploads\/2023\/06\/gallery-8.jpg\" title=\"Rethymno Train Tour Image Gallery\">\r\n                    <div class=\"my-carousel-image image-background rounded\" style=\"background-image: url(https:\/\/rethymnotraintour.gr\/wp-content\/uploads\/2023\/06\/gallery-8.jpg)\"><\/div>\r\n\t\t\t\t<\/a>\r\n\t\t\t\r\n\t\t\t\t<a class=\"mx-2\" data-fancybox=\"gallery\" href=\"https:\/\/rethymnotraintour.gr\/wp-content\/uploads\/2023\/06\/gallery-9-e1758108399319.jpg\" title=\"Rethymno Train Tour Image Gallery\">\r\n                    <div class=\"my-carousel-image image-background rounded\" style=\"background-image: url(https:\/\/rethymnotraintour.gr\/wp-content\/uploads\/2023\/06\/gallery-9-e1758108399319.jpg)\"><\/div>\r\n\t\t\t\t<\/a>\r\n\t\t\t\r\n\t\t\t\t<a class=\"mx-2\" data-fancybox=\"gallery\" href=\"https:\/\/rethymnotraintour.gr\/wp-content\/uploads\/2023\/06\/gallery-10.jpg\" title=\"Rethymno Train Tour Image Gallery\">\r\n                    <div class=\"my-carousel-image image-background rounded\" style=\"background-image: url(https:\/\/rethymnotraintour.gr\/wp-content\/uploads\/2023\/06\/gallery-10.jpg)\"><\/div>\r\n\t\t\t\t<\/a>\r\n\t\t\t\r\n\t\t\t\t<a class=\"mx-2\" data-fancybox=\"gallery\" href=\"https:\/\/rethymnotraintour.gr\/wp-content\/uploads\/2023\/06\/gallery-11.jpg\" title=\"Rethymno Train Tour Image Gallery\">\r\n                    <div class=\"my-carousel-image image-background rounded\" style=\"background-image: url(https:\/\/rethymnotraintour.gr\/wp-content\/uploads\/2023\/06\/gallery-11.jpg)\"><\/div>\r\n\t\t\t\t<\/a>\r\n\t\t\t\r\n\t\t\t\t<a class=\"mx-2\" data-fancybox=\"gallery\" href=\"https:\/\/rethymnotraintour.gr\/wp-content\/uploads\/2023\/06\/gallery-12.jpg\" title=\"Rethymno Train Tour Image Gallery\">\r\n                    <div class=\"my-carousel-image image-background rounded\" style=\"background-image: url(https:\/\/rethymnotraintour.gr\/wp-content\/uploads\/2023\/06\/gallery-12.jpg)\"><\/div>\r\n\t\t\t\t<\/a>\r\n\t\t\t\r\n\t\t\t\t<a class=\"mx-2\" data-fancybox=\"gallery\" href=\"https:\/\/rethymnotraintour.gr\/wp-content\/uploads\/2023\/06\/gallery-13.jpg\" title=\"Rethymno Train Tour Image Gallery\">\r\n                    <div class=\"my-carousel-image image-background rounded\" style=\"background-image: url(https:\/\/rethymnotraintour.gr\/wp-content\/uploads\/2023\/06\/gallery-13.jpg)\"><\/div>\r\n\t\t\t\t<\/a>\r\n\t\t\t\r\n\t\t\t\t<a class=\"mx-2\" data-fancybox=\"gallery\" href=\"https:\/\/rethymnotraintour.gr\/wp-content\/uploads\/2023\/06\/gallery-14.jpg\" title=\"Rethymno Train Tour Image Gallery\">\r\n                    <div class=\"my-carousel-image image-background rounded\" style=\"background-image: url(https:\/\/rethymnotraintour.gr\/wp-content\/uploads\/2023\/06\/gallery-14.jpg)\"><\/div>\r\n\t\t\t\t<\/a>\r\n\t\t\t\r\n\t\t\t\t\t<\/div>\r\n\t\t\t\t<\/div>\r\n\t\t\t<\/section>\t\r\n\t\t\t<section id=\"faq-section\">\r\n\t\t\t\t<div class=\"container my-5 py-5\">\r\n\t\t\t\t\t<h2 class=\"red-color text-center\"><strong><span class=\"font-40 special-underline\">QUESTIONS<\/span> FR\u00c9QUEMMENT POS\u00c9ES<\/strong><\/h2>\r\n\t\t\t\t\t\r\n\t\t\t\t\t<div class=\"accordion\" id=\"accordionExample\">\r\n\t\t\t\t\t  \r\n\t\t\t\t  <div class=\"accordion-item\">\r\n\t\t\t\t    <h2 class=\"accordion-header\" id=\"heading1\">\r\n\t\t\t\t      <button class=\"accordion-button\" type=\"button\" data-bs-toggle=\"collapse\" data-bs-target=\"#collapse1\" aria-expanded=\"true\" aria-controls=\"collapse1\">\r\n\t\t\t\t        <span class=\"lead\"><strong>Y a-t-il un seul itin\u00e9raire ?<\/strong><\/span>\r\n\t\t\t\t      <\/button>\r\n\t\t\t\t    <\/h2>\r\n\t\t\t\t    <div id=\"collapse1\" class=\"accordion-collapse collapse  show\" data-bs-parent=\"#accordionExample\">\r\n\t\t\t\t      <div class=\"accordion-body my-3\">\r\n\t\t\t\t        <p>Oui, il n\u2019existe qu\u2019un unique parcours dans le centre historique de R\u00e9thymnon.<\/p>\n\r\n\t\t\t\t      <\/div>\r\n\t\t\t\t    <\/div>\r\n\t\t\t\t  <\/div>\r\n\t\t\t\r\n\t\t\t\t  <div class=\"accordion-item\">\r\n\t\t\t\t    <h2 class=\"accordion-header\" id=\"heading2\">\r\n\t\t\t\t      <button class=\"accordion-button collapsed\" type=\"button\" data-bs-toggle=\"collapse\" data-bs-target=\"#collapse2\" aria-expanded=\"false\" aria-controls=\"collapse2\">\r\n\t\t\t\t        <span class=\"lead\"><strong>Y a-t-il un syst\u00e8me de guidage ?<\/strong><\/span>\r\n\t\t\t\t      <\/button>\r\n\t\t\t\t    <\/h2>\r\n\t\t\t\t    <div id=\"collapse2\" class=\"accordion-collapse collapse \" data-bs-parent=\"#accordionExample\">\r\n\t\t\t\t      <div class=\"accordion-body my-3\">\r\n\t\t\t\t        <p>Oui, il y a un audioguide en grec, anglais, allemand, fran\u00e7ais, italien et russe.<\/p>\n\r\n\t\t\t\t      <\/div>\r\n\t\t\t\t    <\/div>\r\n\t\t\t\t  <\/div>\r\n\t\t\t\r\n\t\t\t\t  <div class=\"accordion-item\">\r\n\t\t\t\t    <h2 class=\"accordion-header\" id=\"heading3\">\r\n\t\t\t\t      <button class=\"accordion-button collapsed\" type=\"button\" data-bs-toggle=\"collapse\" data-bs-target=\"#collapse3\" aria-expanded=\"false\" aria-controls=\"collapse3\">\r\n\t\t\t\t        <span class=\"lead\"><strong>Combien de stations y a-t-il ?<\/strong><\/span>\r\n\t\t\t\t      <\/button>\r\n\t\t\t\t    <\/h2>\r\n\t\t\t\t    <div id=\"collapse3\" class=\"accordion-collapse collapse \" data-bs-parent=\"#accordionExample\">\r\n\t\t\t\t      <div class=\"accordion-body my-3\">\r\n\t\t\t\t        <p>Il n\u2019y a qu\u2019une seule station.<\/p>\n\r\n\t\t\t\t      <\/div>\r\n\t\t\t\t    <\/div>\r\n\t\t\t\t  <\/div>\r\n\t\t\t\r\n\t\t\t\t  <div class=\"accordion-item\">\r\n\t\t\t\t    <h2 class=\"accordion-header\" id=\"heading4\">\r\n\t\t\t\t      <button class=\"accordion-button collapsed\" type=\"button\" data-bs-toggle=\"collapse\" data-bs-target=\"#collapse4\" aria-expanded=\"false\" aria-controls=\"collapse4\">\r\n\t\t\t\t        <span class=\"lead\"><strong>Puis-je descendre et remonter dans le train pendant la visite ?<\/strong><\/span>\r\n\t\t\t\t      <\/button>\r\n\t\t\t\t    <\/h2>\r\n\t\t\t\t    <div id=\"collapse4\" class=\"accordion-collapse collapse \" data-bs-parent=\"#accordionExample\">\r\n\t\t\t\t      <div class=\"accordion-body my-3\">\r\n\t\t\t\t        <p>Non, c\u2019est un aller-retour : vous ne pouvez descendre et remonter qu\u2019\u00e0 la station.<\/p>\n\r\n\t\t\t\t      <\/div>\r\n\t\t\t\t    <\/div>\r\n\t\t\t\t  <\/div>\r\n\t\t\t\r\n\t\t\t\t  <div class=\"accordion-item\">\r\n\t\t\t\t    <h2 class=\"accordion-header\" id=\"heading5\">\r\n\t\t\t\t      <button class=\"accordion-button collapsed\" type=\"button\" data-bs-toggle=\"collapse\" data-bs-target=\"#collapse5\" aria-expanded=\"false\" aria-controls=\"collapse5\">\r\n\t\t\t\t        <span class=\"lead\"><strong>Existe-t-il une r\u00e9duction pour les personnes en situation de handicap ?<\/strong><\/span>\r\n\t\t\t\t      <\/button>\r\n\t\t\t\t    <\/h2>\r\n\t\t\t\t    <div id=\"collapse5\" class=\"accordion-collapse collapse \" data-bs-parent=\"#accordionExample\">\r\n\t\t\t\t      <div class=\"accordion-body my-3\">\r\n\t\t\t\t        <p>Oui, une r\u00e9duction de 50 % est accord\u00e9e sur pr\u00e9sentation de la carte de handicap.<\/p>\n\r\n\t\t\t\t      <\/div>\r\n\t\t\t\t    <\/div>\r\n\t\t\t\t  <\/div>\r\n\t\t\t\r\n\t\t\t\t  <div class=\"accordion-item\">\r\n\t\t\t\t    <h2 class=\"accordion-header\" id=\"heading6\">\r\n\t\t\t\t      <button class=\"accordion-button collapsed\" type=\"button\" data-bs-toggle=\"collapse\" data-bs-target=\"#collapse6\" aria-expanded=\"false\" aria-controls=\"collapse6\">\r\n\t\t\t\t        <span class=\"lead\"><strong>O\u00f9 puis-je laisser mon fauteuil roulant ou ma poussette pendant le trajet ?<\/strong><\/span>\r\n\t\t\t\t      <\/button>\r\n\t\t\t\t    <\/h2>\r\n\t\t\t\t    <div id=\"collapse6\" class=\"accordion-collapse collapse \" data-bs-parent=\"#accordionExample\">\r\n\t\t\t\t      <div class=\"accordion-body my-3\">\r\n\t\t\t\t        <p>Vous pouvez les laisser \u00e0 notre station, o\u00f9 nous les gardons en s\u00e9curit\u00e9<br \/>\njusqu\u2019\u00e0 votre retour.<\/p>\n\r\n\t\t\t\t      <\/div>\r\n\t\t\t\t    <\/div>\r\n\t\t\t\t  <\/div>\r\n\t\t\t\r\n\t\t\t\t  <div class=\"accordion-item\">\r\n\t\t\t\t    <h2 class=\"accordion-header\" id=\"heading7\">\r\n\t\t\t\t      <button class=\"accordion-button collapsed\" type=\"button\" data-bs-toggle=\"collapse\" data-bs-target=\"#collapse7\" aria-expanded=\"false\" aria-controls=\"collapse7\">\r\n\t\t\t\t        <span class=\"lead\"><strong>Le billet est-il valable toute la journ\u00e9e ?<\/strong><\/span>\r\n\t\t\t\t      <\/button>\r\n\t\t\t\t    <\/h2>\r\n\t\t\t\t    <div id=\"collapse7\" class=\"accordion-collapse collapse \" data-bs-parent=\"#accordionExample\">\r\n\t\t\t\t      <div class=\"accordion-body my-3\">\r\n\t\t\t\t        <p>Non, le billet n\u2019est valable que pour une seule visite.<\/p>\n\r\n\t\t\t\t      <\/div>\r\n\t\t\t\t    <\/div>\r\n\t\t\t\t  <\/div>\r\n\t\t\t\r\n\t\t\t\t  <div class=\"accordion-item\">\r\n\t\t\t\t    <h2 class=\"accordion-header\" id=\"heading8\">\r\n\t\t\t\t      <button class=\"accordion-button collapsed\" type=\"button\" data-bs-toggle=\"collapse\" data-bs-target=\"#collapse8\" aria-expanded=\"false\" aria-controls=\"collapse8\">\r\n\t\t\t\t        <span class=\"lead\"><strong>Combien de temps dure la visite ?<\/strong><\/span>\r\n\t\t\t\t      <\/button>\r\n\t\t\t\t    <\/h2>\r\n\t\t\t\t    <div id=\"collapse8\" class=\"accordion-collapse collapse \" data-bs-parent=\"#accordionExample\">\r\n\t\t\t\t      <div class=\"accordion-body my-3\">\r\n\t\t\t\t        <p>La dur\u00e9e de la visite est de 30 \u2013 35 minutes.<\/p>\n\r\n\t\t\t\t      <\/div>\r\n\t\t\t\t    <\/div>\r\n\t\t\t\t  <\/div>\r\n\t\t\t\r\n\t\t\t\t  <div class=\"accordion-item\">\r\n\t\t\t\t    <h2 class=\"accordion-header\" id=\"heading9\">\r\n\t\t\t\t      <button class=\"accordion-button collapsed\" type=\"button\" data-bs-toggle=\"collapse\" data-bs-target=\"#collapse9\" aria-expanded=\"false\" aria-controls=\"collapse9\">\r\n\t\t\t\t        <span class=\"lead\"><strong>Dois-je r\u00e9server en avance ?<\/strong><\/span>\r\n\t\t\t\t      <\/button>\r\n\t\t\t\t    <\/h2>\r\n\t\t\t\t    <div id=\"collapse9\" class=\"accordion-collapse collapse \" data-bs-parent=\"#accordionExample\">\r\n\t\t\t\t      <div class=\"accordion-body my-3\">\r\n\t\t\t\t        <p>Non, il vous suffit d\u2019\u00eatre \u00e0 la station au moins 15 minutes avant l\u2019heure de d\u00e9part souhait\u00e9e.<\/p>\n\r\n\t\t\t\t      <\/div>\r\n\t\t\t\t    <\/div>\r\n\t\t\t\t  <\/div>\r\n\t\t\t\r\n\t\t\t\t  <div class=\"accordion-item\">\r\n\t\t\t\t    <h2 class=\"accordion-header\" id=\"heading10\">\r\n\t\t\t\t      <button class=\"accordion-button collapsed\" type=\"button\" data-bs-toggle=\"collapse\" data-bs-target=\"#collapse10\" aria-expanded=\"false\" aria-controls=\"collapse10\">\r\n\t\t\t\t        <span class=\"lead\"><strong>\u00c0 quelle heure le train part-il ?<\/strong><\/span>\r\n\t\t\t\t      <\/button>\r\n\t\t\t\t    <\/h2>\r\n\t\t\t\t    <div id=\"collapse10\" class=\"accordion-collapse collapse \" data-bs-parent=\"#accordionExample\">\r\n\t\t\t\t      <div class=\"accordion-body my-3\">\r\n\t\t\t\t        <p>Les horaires de d\u00e9part varient selon la saison, veuillez, donc, consulter notre planning sur le site ou \u00e0 la station.<\/p>\n\r\n\t\t\t\t      <\/div>\r\n\t\t\t\t    <\/div>\r\n\t\t\t\t  <\/div>\r\n\t\t\t\r\n\t\t\t\t  <div class=\"accordion-item\">\r\n\t\t\t\t    <h2 class=\"accordion-header\" id=\"heading11\">\r\n\t\t\t\t      <button class=\"accordion-button collapsed\" type=\"button\" data-bs-toggle=\"collapse\" data-bs-target=\"#collapse11\" aria-expanded=\"false\" aria-controls=\"collapse11\">\r\n\t\t\t\t        <span class=\"lead\"><strong>O\u00f9 se trouve votre station ?<\/strong><\/span>\r\n\t\t\t\t      <\/button>\r\n\t\t\t\t    <\/h2>\r\n\t\t\t\t    <div id=\"collapse11\" class=\"accordion-collapse collapse \" data-bs-parent=\"#accordionExample\">\r\n\t\t\t\t      <div class=\"accordion-body my-3\">\r\n\t\t\t\t        <p>Notre station se trouve dans la rue Sofokli Venizelou, \u00e0 c\u00f4t\u00e9 de la place Agnostos.<\/p>\n<p>Trouvez-nous sur <a href=\"https:\/\/www.google.com\/maps\/place\/Rethymno+Train+Tour-Red+Train+Rethymno\/@35.3668919,24.4805063,15z\/data=!4m2!3m1!1s0x0:0x2efddfc03195a586?sa=X&#038;ved=2ahUKEwjP8I6zrO__AhUZgv0HHb_xDMQQ_BJ6BAgzEAA&#038;ved=2ahUKEwjP8I6zrO__AhUZgv0HHb_xDMQQ_BJ6BAg9EAg\" rel=\"noopener\" target=\"_blank\">Google Maps<\/a>.<\/p>\n\r\n\t\t\t\t      <\/div>\r\n\t\t\t\t    <\/div>\r\n\t\t\t\t  <\/div>\r\n\t\t\t\r\n\t\t\t\t  <div class=\"accordion-item\">\r\n\t\t\t\t    <h2 class=\"accordion-header\" id=\"heading12\">\r\n\t\t\t\t      <button class=\"accordion-button collapsed\" type=\"button\" data-bs-toggle=\"collapse\" data-bs-target=\"#collapse12\" aria-expanded=\"false\" aria-controls=\"collapse12\">\r\n\t\t\t\t        <span class=\"lead\"><strong>Y a-t-il un tarif r\u00e9duit pour les enfants ?<\/strong><\/span>\r\n\t\t\t\t      <\/button>\r\n\t\t\t\t    <\/h2>\r\n\t\t\t\t    <div id=\"collapse12\" class=\"accordion-collapse collapse \" data-bs-parent=\"#accordionExample\">\r\n\t\t\t\t      <div class=\"accordion-body my-3\">\r\n\t\t\t\t        <p>Oui, consultez nos tarifs sur le site web ou \u00e0 la station pour plus de d\u00e9tails.<\/p>\n\r\n\t\t\t\t      <\/div>\r\n\t\t\t\t    <\/div>\r\n\t\t\t\t  <\/div>\r\n\t\t\t\r\n\t\t\t\t  <div class=\"accordion-item\">\r\n\t\t\t\t    <h2 class=\"accordion-header\" id=\"heading13\">\r\n\t\t\t\t      <button class=\"accordion-button collapsed\" type=\"button\" data-bs-toggle=\"collapse\" data-bs-target=\"#collapse13\" aria-expanded=\"false\" aria-controls=\"collapse13\">\r\n\t\t\t\t        <span class=\"lead\"><strong>Puis-je payer par carte ?<\/strong><\/span>\r\n\t\t\t\t      <\/button>\r\n\t\t\t\t    <\/h2>\r\n\t\t\t\t    <div id=\"collapse13\" class=\"accordion-collapse collapse \" data-bs-parent=\"#accordionExample\">\r\n\t\t\t\t      <div class=\"accordion-body my-3\">\r\n\t\t\t\t        <p>Oui, bien s\u00fbr.<\/p>\n\r\n\t\t\t\t      <\/div>\r\n\t\t\t\t    <\/div>\r\n\t\t\t\t  <\/div>\r\n\t\t\t\r\n\t\t\t\t  <div class=\"accordion-item\">\r\n\t\t\t\t    <h2 class=\"accordion-header\" id=\"heading14\">\r\n\t\t\t\t      <button class=\"accordion-button collapsed\" type=\"button\" data-bs-toggle=\"collapse\" data-bs-target=\"#collapse14\" aria-expanded=\"false\" aria-controls=\"collapse14\">\r\n\t\t\t\t        <span class=\"lead\"><strong>Puis-je acheter des billets en ligne ?<\/strong><\/span>\r\n\t\t\t\t      <\/button>\r\n\t\t\t\t    <\/h2>\r\n\t\t\t\t    <div id=\"collapse14\" class=\"accordion-collapse collapse \" data-bs-parent=\"#accordionExample\">\r\n\t\t\t\t      <div class=\"accordion-body my-3\">\r\n\t\t\t\t        <p>Non, vous ne pouvez acheter des billets qu\u2019\u00e0 la station.<\/p>\n\r\n\t\t\t\t      <\/div>\r\n\t\t\t\t    <\/div>\r\n\t\t\t\t  <\/div>\r\n\t\t\t\r\n\t\t\t\t\t<\/div>\r\n\t\t\t\t<\/div>\r\n            <\/section>\r\n                \n","protected":false},"excerpt":{"rendered":"D\u00e9couvrez le centre historique de R\u00e9thymnon. Admirez les monuments historiques et les sites d&rsquo;int\u00e9r\u00eat les plus importants de la ville. Une visite incontournable.","protected":false},"author":1,"featured_media":0,"parent":0,"menu_order":0,"comment_status":"closed","ping_status":"closed","template":"page-FullWidth.php","meta":{"_acf_changed":false,"footnotes":""},"class_list":["post-456","page","type-page","status-publish","hentry"],"acf":[],"_links":{"self":[{"href":"https:\/\/rethymnotraintour.gr\/fr\/wp-json\/wp\/v2\/pages\/456","targetHints":{"allow":["GET"]}}],"collection":[{"href":"https:\/\/rethymnotraintour.gr\/fr\/wp-json\/wp\/v2\/pages"}],"about":[{"href":"https:\/\/rethymnotraintour.gr\/fr\/wp-json\/wp\/v2\/types\/page"}],"author":[{"embeddable":true,"href":"https:\/\/rethymnotraintour.gr\/fr\/wp-json\/wp\/v2\/users\/1"}],"replies":[{"embeddable":true,"href":"https:\/\/rethymnotraintour.gr\/fr\/wp-json\/wp\/v2\/comments?post=456"}],"version-history":[{"count":0,"href":"https:\/\/rethymnotraintour.gr\/fr\/wp-json\/wp\/v2\/pages\/456\/revisions"}],"wp:attachment":[{"href":"https:\/\/rethymnotraintour.gr\/fr\/wp-json\/wp\/v2\/media?parent=456"}],"curies":[{"name":"wp","href":"https:\/\/api.w.org\/{rel}","templated":true}]}}